{"id":312,"date":"2026-04-23T13:10:27","date_gmt":"2026-04-23T12:10:27","guid":{"rendered":"https:\/\/man-eberswalde.de\/neu\/?page_id=312"},"modified":"2026-04-23T14:49:47","modified_gmt":"2026-04-23T13:49:47","slug":"mechatroniker-m-w-d","status":"publish","type":"page","link":"https:\/\/man-eberswalde.de\/index.php\/mechatroniker-m-w-d\/","title":{"rendered":"Mechatroniker (m\/w\/d)"},"content":{"rendered":"\n<div class=\"wp-block-group service-section has-quaternary-background-color has-background has-global-padding is-layout-constrained wp-container-core-group-is-layout-a7cdb554 wp-block-group-is-layout-constrained\" style=\"margin-top:var(--wp--preset--spacing--20);margin-bottom:0px;padding-top:0px;padding-right:0px;padding-bottom:0px;padding-left:0px\">\n<div class=\"wp-block-group service-head-box wow zoomIn has-global-padding is-layout-constrained wp-block-group-is-layout-constrained\" style=\"margin-bottom:40px\">\n<p class=\"has-text-align-center has-secondary-color has-text-color has-link-color has-poppins-font-family wp-elements-cf443e8ce4b5834b5636aa6aa4616e6f\" style=\"margin-top:10px;margin-right:0;margin-bottom:10px;margin-left:0;padding-top:0;padding-right:0;padding-bottom:0;padding-left:0;font-size:clamp(14.642px, 0.915rem + ((1vw - 3.2px) * 0.751), 22px);font-style:normal;font-weight:700\">Wir, die ENS Eberswalder Nutzfahrzeug Service GmbH &amp; Co. KG, sind eine familiengef\u00fchrte Werkstatt f\u00fcr Nutzfahrzeuge mit eigener Spedition und Frachtenvermittlung. Wir sind Servicepartner der MAN Truck &amp; Bus Deutschland GmbH. Seit \u00fcber 30 Jahren besch\u00e4ftigen wir Menschen in den Bereichen Werkstatt, Spedition und B\u00fcro. F\u00fcr unsere Werkstatt suchen wir aktuell eine(n) Mechatroniker(-in). Erfahrungen im Bereich der Instandhaltung sind w\u00fcnschenswert. Berufsanf\u00e4nger sind ebenfalls gerne willkommen.<\/p>\n<\/div>\n\n\n\n<div class=\"wp-block-columns service-boxes is-layout-flex wp-container-core-columns-is-layout-c32559b7 wp-block-columns-is-layout-flex\" style=\"margin-top:30px\">\n<div class=\"wp-block-column service-card wow zoomIn is-layout-flow wp-block-column-is-layout-flow\">\n<div class=\"wp-block-columns service-img is-layout-flex wp-container-core-columns-is-layout-28f84493 wp-block-columns-is-layout-flex\">\n<div class=\"wp-block-column is-layout-flow wp-block-column-is-layout-flow\">\n<figure class=\"wp-block-image size-full has-custom-border\"><img loading=\"lazy\" decoding=\"async\" width=\"1024\" height=\"768\" src=\"https:\/\/man-eberswalde.de\/neu\/wp-content\/uploads\/2026\/04\/Arbeitsscheinwerfer_Julia.jpg\" alt=\"\" class=\"wp-image-320\" style=\"border-radius:10px;aspect-ratio:1.0226875;object-fit:cover\" srcset=\"https:\/\/man-eberswalde.de\/wp-content\/uploads\/2026\/04\/Arbeitsscheinwerfer_Julia.jpg 1024w, https:\/\/man-eberswalde.de\/wp-content\/uploads\/2026\/04\/Arbeitsscheinwerfer_Julia-300x225.jpg 300w, https:\/\/man-eberswalde.de\/wp-content\/uploads\/2026\/04\/Arbeitsscheinwerfer_Julia-768x576.jpg 768w\" sizes=\"auto, (max-width: 1024px) 100vw, 1024px\" \/><\/figure>\n<\/div>\n<\/div>\n\n\n\n<div class=\"wp-block-group service-content has-global-padding is-layout-constrained wp-block-group-is-layout-constrained\">\n<h5 class=\"wp-block-heading has-text-align-left service-card-title has-secondary-color has-text-color has-link-color has-poppins-font-family wp-elements-fe3eebb77e4f0ee2a8dc9ece3d5d4621\" style=\"margin-top:var(--wp--preset--spacing--30);font-size:clamp(15.747px, 0.984rem + ((1vw - 3.2px) * 0.842), 24px);font-style:normal;font-weight:700;text-transform:capitalize\">Dein Profil<\/h5>\n\n\n\n<p class=\"has-secondary-color has-text-color has-link-color has-poppins-font-family wp-elements-30abf115093da0f4a18c67d7db22eadb\" style=\"font-size:clamp(14px, 0.875rem + ((1vw - 3.2px) * 0.306), 17px);\">Erfolgreich abgeschlossene Ausbildung zum Kfz \u2013 Mechaniker, Kfz \u2013 Mechatroniker oder Kfz \u2013 Elektriker<\/p>\n\n\n\n<p class=\"has-secondary-color has-text-color has-link-color has-poppins-font-family wp-elements-2d90c7248fcbc11bd3a99e4357e233b2\" style=\"font-size:clamp(14px, 0.875rem + ((1vw - 3.2px) * 0.306), 17px);\">Idealerweise erste Erfahrung im Bereich Nutzfahrzeuge \u2013 ist aber kein Muss<\/p>\n\n\n\n<p class=\"has-secondary-color has-text-color has-link-color has-poppins-font-family wp-elements-651c5a8428a56dbbaeb69114d2c54cef\" style=\"font-size:clamp(14px, 0.875rem + ((1vw - 3.2px) * 0.306), 17px);\">Du arbeitest selbstst\u00e4ndig, zuverl\u00e4ssig und beh\u00e4ltst auch in stressigen Situationen den \u00dcberblick<\/p>\n\n\n\n<p class=\"has-secondary-color has-text-color has-link-color has-poppins-font-family wp-elements-3ae2be2050e59b63c54308f8623f0089\" style=\"font-size:clamp(14px, 0.875rem + ((1vw - 3.2px) * 0.306), 17px);\">Engagement, Motivation und Lust, mit anzupacken<\/p>\n\n\n\n<p class=\"has-secondary-color has-text-color has-link-color has-poppins-font-family wp-elements-5d311be062b61f9c13d914a3a1aadf8a\" style=\"font-size:clamp(14px, 0.875rem + ((1vw - 3.2px) * 0.306), 17px);\">Teamgeist und ein offener, freundlicher Umgang mit Kollegen und Kunden<\/p>\n\n\n\n<p class=\"has-secondary-color has-text-color has-link-color has-poppins-font-family wp-elements-277b97421df447c07843dbc4ac3b557e\" style=\"font-size:clamp(14px, 0.875rem + ((1vw - 3.2px) * 0.306), 17px);\">Vertrauensw\u00fcrdigkeit und ein verantwortungsbewusstes Arbeiten<\/p>\n\n\n\n<p class=\"has-secondary-color has-text-color has-link-color has-poppins-font-family wp-elements-56014f43239b5581b311216109e1c9bd\" style=\"font-size:clamp(14px, 0.875rem + ((1vw - 3.2px) * 0.306), 17px);\">Kundenorientiertes Denken und Handeln<\/p>\n\n\n\n<div class=\"wp-block-columns is-layout-flex wp-container-core-columns-is-layout-28f84493 wp-block-columns-is-layout-flex\">\n<div class=\"wp-block-column is-layout-flow wp-block-column-is-layout-flow\" style=\"flex-basis:33.33%\"><\/div>\n\n\n\n<div class=\"wp-block-column is-layout-flow wp-block-column-is-layout-flow\" style=\"flex-basis:66.66%\"><\/div>\n<\/div>\n<\/div>\n<\/div>\n\n\n\n<div class=\"wp-block-column service-card wow zoomIn is-layout-flow wp-block-column-is-layout-flow\">\n<div class=\"wp-block-columns service-img is-layout-flex wp-container-core-columns-is-layout-28f84493 wp-block-columns-is-layout-flex\">\n<div class=\"wp-block-column is-layout-flow wp-block-column-is-layout-flow\">\n<figure class=\"wp-block-image size-full has-custom-border\"><img loading=\"lazy\" decoding=\"async\" width=\"782\" height=\"768\" src=\"https:\/\/man-eberswalde.de\/neu\/wp-content\/uploads\/2026\/04\/1928_MAN-Service.jpg\" alt=\"\" class=\"wp-image-321\" style=\"border-radius:10px;aspect-ratio:1.0226875;object-fit:cover\" srcset=\"https:\/\/man-eberswalde.de\/wp-content\/uploads\/2026\/04\/1928_MAN-Service.jpg 782w, https:\/\/man-eberswalde.de\/wp-content\/uploads\/2026\/04\/1928_MAN-Service-300x295.jpg 300w, https:\/\/man-eberswalde.de\/wp-content\/uploads\/2026\/04\/1928_MAN-Service-768x754.jpg 768w\" sizes=\"auto, (max-width: 782px) 100vw, 782px\" \/><\/figure>\n<\/div>\n<\/div>\n\n\n\n<div class=\"wp-block-group service-content has-global-padding is-layout-constrained wp-block-group-is-layout-constrained\">\n<h5 class=\"wp-block-heading has-text-align-left service-card-title has-secondary-color has-text-color has-link-color has-poppins-font-family wp-elements-6db9361beaca572d5854113431941932\" style=\"margin-top:var(--wp--preset--spacing--30);font-size:clamp(15.747px, 0.984rem + ((1vw - 3.2px) * 0.842), 24px);font-style:normal;font-weight:700;text-transform:capitalize\">Deine Aufgaben<\/h5>\n\n\n\n<p class=\"has-secondary-color has-text-color has-link-color has-poppins-font-family wp-elements-82663802bfd0cf000261f99756ad7c56\" style=\"font-size:clamp(14px, 0.875rem + ((1vw - 3.2px) * 0.306), 17px);\">Fachgerechtes und selbstst\u00e4ndiges Ausf\u00fchren von Reparaturen an Nutzfahrzeugtechnik sowie Fahrzeugelektrik<\/p>\n\n\n\n<p class=\"has-secondary-color has-text-color has-link-color has-poppins-font-family wp-elements-68a99e9e213e18ca8bc403ed280d0377\" style=\"font-size:clamp(14px, 0.875rem + ((1vw - 3.2px) * 0.306), 17px);\">Durchf\u00fchrung von Inspektions-, Wartungs- und Reparaturarbeiten<\/p>\n\n\n\n<p class=\"has-secondary-color has-text-color has-link-color has-poppins-font-family wp-elements-65a9582c31d41f9b38b7bc60c00db883\" style=\"font-size:clamp(14px, 0.875rem + ((1vw - 3.2px) * 0.306), 17px);\">Fehlerdiagnose mit anschlie\u00dfender Beseitigung der Ursachen<\/p>\n\n\n\n<p class=\"service-card-desc has-secondary-color has-text-color has-link-color has-poppins-font-family wp-elements-46f4af6fcfe579b1f5a696f8f8120ffd\" style=\"font-size:clamp(14px, 0.875rem + ((1vw - 3.2px) * 0.306), 17px);\">Gewissenhafte Durchf\u00fchrung der gesetzlichen Untersuchungen<\/p>\n<\/div>\n<\/div>\n\n\n\n<div class=\"wp-block-column service-card wow zoomIn is-layout-flow wp-block-column-is-layout-flow\">\n<div class=\"wp-block-columns service-img is-layout-flex wp-container-core-columns-is-layout-28f84493 wp-block-columns-is-layout-flex\">\n<div class=\"wp-block-column is-layout-flow wp-block-column-is-layout-flow\">\n<figure class=\"wp-block-image size-full is-resized has-custom-border\"><img loading=\"lazy\" decoding=\"async\" width=\"802\" height=\"768\" src=\"https:\/\/man-eberswalde.de\/neu\/wp-content\/uploads\/2026\/04\/eTGX-Kipper.jpg\" alt=\"\" class=\"wp-image-328\" style=\"border-radius:10px;width:auto;height:250px\" srcset=\"https:\/\/man-eberswalde.de\/wp-content\/uploads\/2026\/04\/eTGX-Kipper.jpg 802w, https:\/\/man-eberswalde.de\/wp-content\/uploads\/2026\/04\/eTGX-Kipper-300x287.jpg 300w, https:\/\/man-eberswalde.de\/wp-content\/uploads\/2026\/04\/eTGX-Kipper-768x735.jpg 768w\" sizes=\"auto, (max-width: 802px) 100vw, 802px\" \/><\/figure>\n<\/div>\n<\/div>\n\n\n\n<div class=\"wp-block-group service-content has-global-padding is-layout-constrained wp-block-group-is-layout-constrained\">\n<h5 class=\"wp-block-heading has-text-align-left service-card-title has-secondary-color has-text-color has-link-color has-poppins-font-family wp-elements-c8ba86de8d4ef5acda7e4920b62691c4\" style=\"margin-top:var(--wp--preset--spacing--30);font-size:clamp(15.747px, 0.984rem + ((1vw - 3.2px) * 0.842), 24px);font-style:normal;font-weight:700;text-transform:capitalize\">Was Du bekommst<\/h5>\n\n\n\n<p class=\"has-secondary-color has-text-color has-link-color has-poppins-font-family wp-elements-c9fcd02205d3885b995255876aa454a5\" style=\"font-size:clamp(14px, 0.875rem + ((1vw - 3.2px) * 0.306), 17px);\">Eine attraktive Verg\u00fctung<\/p>\n\n\n\n<p class=\"has-secondary-color has-text-color has-link-color has-poppins-font-family wp-elements-0b90ef649895b97b2b29a0a1357f7b5d\" style=\"font-size:clamp(14px, 0.875rem + ((1vw - 3.2px) * 0.306), 17px);\">Die M\u00f6glichkeit auf ein Jobrad<\/p>\n\n\n\n<p class=\"has-secondary-color has-text-color has-link-color has-poppins-font-family wp-elements-e4a9b531f22f1dce1087ee05cd7618a4\" style=\"font-size:clamp(14px, 0.875rem + ((1vw - 3.2px) * 0.306), 17px);\">Weihnachtsgeld<\/p>\n\n\n\n<p class=\"has-secondary-color has-text-color has-link-color has-poppins-font-family wp-elements-01c35c06b96a0b72ed1e10184125b516\" style=\"font-size:clamp(14px, 0.875rem + ((1vw - 3.2px) * 0.306), 17px);\">Fachliche Weiterbildungen<\/p>\n\n\n\n<p class=\"service-card-desc has-secondary-color has-text-color has-link-color has-poppins-font-family wp-elements-081ec0709cb068e0c8f632d484c6386d\" style=\"font-size:clamp(14px, 0.875rem + ((1vw - 3.2px) * 0.306), 17px);\">Ein famili\u00e4res Arbeitsumfeld<\/p>\n\n\n\n<p class=\"has-secondary-color has-text-color has-link-color has-poppins-font-family wp-elements-9dc0749718ca781e6eb14b9e88776707\" style=\"font-size:clamp(14px, 0.875rem + ((1vw - 3.2px) * 0.306), 17px);\">Einen sicheren Arbeitsplatz<\/p>\n\n\n\n<p class=\"has-secondary-color has-text-color has-link-color has-poppins-font-family wp-elements-7cac97fee0ddde082f11c0fa9f8fa0c4\" style=\"font-size:clamp(14px, 0.875rem + ((1vw - 3.2px) * 0.306), 17px);\">Die einzigartige M\u00f6glichkeit, den Wandel hin zur Elektromobilit\u00e4t in erster Reihe mitzuerleben und mitzugestalten<\/p>\n<\/div>\n<\/div>\n<\/div>\n\n\n\n<p class=\"has-text-align-center has-secondary-color has-text-color has-link-color has-poppins-font-family wp-elements-5a7f6e2189901d3c5027bbb82cbbe138\" style=\"margin-top:10px;margin-right:0;margin-bottom:10px;margin-left:0;padding-top:0;padding-right:0;padding-bottom:0;padding-left:0;font-size:clamp(14.642px, 0.915rem + ((1vw - 3.2px) * 0.751), 22px);font-style:normal;font-weight:700\">Zeit f\u00fcr einen Wechsel? Dann starte in deine neue Zukunft bei uns!<\/p>\n\n\n\n<p class=\"has-text-align-center has-secondary-color has-text-color has-link-color has-poppins-font-family wp-elements-6e6c92cce14c9edc2406d56d3a7d5d61\" style=\"font-size:clamp(14px, 0.875rem + ((1vw - 3.2px) * 0.306), 17px);\">Schicke Deine Bewerbungsunterlagen an folgende Adresse:<\/p>\n\n\n\n<p class=\"has-text-align-center has-secondary-color has-text-color has-link-color has-poppins-font-family wp-elements-466214d2b572b9eb34005dfef3243aff\" style=\"font-size:clamp(14px, 0.875rem + ((1vw - 3.2px) * 0.306), 17px);\"><a href=\"mailto:ens@man-eberswalde.de\">ens@man-eberswalde.de   <\/a><\/p>\n\n\n\n<p class=\"has-text-align-center has-secondary-color has-text-color has-link-color has-poppins-font-family wp-elements-e812b5aaa44d9ab283c9673601061761\" style=\"font-size:clamp(14px, 0.875rem + ((1vw - 3.2px) * 0.306), 17px);\">oder per Post an<\/p>\n\n\n\n<p class=\"has-text-align-center has-secondary-color has-text-color has-link-color has-poppins-font-family wp-elements-73b53b76d4a557a32e5d3884e01d4984\" style=\"font-size:clamp(14px, 0.875rem + ((1vw - 3.2px) * 0.306), 17px);\">ENS Eberswalder Nutzfahrzeug Service GmbH &amp; Co. KG<\/p>\n\n\n\n<p class=\"has-text-align-center has-secondary-color has-text-color has-link-color has-poppins-font-family wp-elements-6095a1d57324af5ad66419bb874ad861\" style=\"font-size:clamp(14px, 0.875rem + ((1vw - 3.2px) * 0.306), 17px);\">Neue Str. 100<\/p>\n\n\n\n<p class=\"has-text-align-center has-secondary-color has-text-color has-link-color has-poppins-font-family wp-elements-c86a586359f9fbae47e8102b4f32422d\" style=\"font-size:clamp(14px, 0.875rem + ((1vw - 3.2px) * 0.306), 17px);\">16225 Eberswalde<\/p>\n<\/div>\n","protected":false},"excerpt":{"rendered":"<p>Wir, die ENS Eberswalder Nutzfahrzeug Service GmbH &amp; Co. KG, sind eine familiengef\u00fchrte Werkstatt f\u00fcr Nutzfahrzeuge mit eigener Spedition und Frachtenvermittlung. Wir sind Servicepartner der MAN Truck &amp; Bus Deutschland GmbH. Seit \u00fcber 30 Jahren besch\u00e4ftigen wir Menschen in den Bereichen Werkstatt, Spedition und B\u00fcro. F\u00fcr unsere Werkstatt suchen wir aktuell eine(n) Mechatroniker(-in). Erfahrungen im [&hellip;]<\/p>\n","protected":false},"author":1,"featured_media":0,"parent":0,"menu_order":0,"comment_status":"closed","ping_status":"closed","template":"","meta":{"footnotes":""},"class_list":["post-312","page","type-page","status-publish","hentry"],"_links":{"self":[{"href":"https:\/\/man-eberswalde.de\/index.php\/wp-json\/wp\/v2\/pages\/312","targetHints":{"allow":["GET"]}}],"collection":[{"href":"https:\/\/man-eberswalde.de\/index.php\/wp-json\/wp\/v2\/pages"}],"about":[{"href":"https:\/\/man-eberswalde.de\/index.php\/wp-json\/wp\/v2\/types\/page"}],"author":[{"embeddable":true,"href":"https:\/\/man-eberswalde.de\/index.php\/wp-json\/wp\/v2\/users\/1"}],"replies":[{"embeddable":true,"href":"https:\/\/man-eberswalde.de\/index.php\/wp-json\/wp\/v2\/comments?post=312"}],"version-history":[{"count":12,"href":"https:\/\/man-eberswalde.de\/index.php\/wp-json\/wp\/v2\/pages\/312\/revisions"}],"predecessor-version":[{"id":338,"href":"https:\/\/man-eberswalde.de\/index.php\/wp-json\/wp\/v2\/pages\/312\/revisions\/338"}],"wp:attachment":[{"href":"https:\/\/man-eberswalde.de\/index.php\/wp-json\/wp\/v2\/media?parent=312"}],"curies":[{"name":"wp","href":"https:\/\/api.w.org\/{rel}","templated":true}]}}