{"id":185,"date":"2026-04-14T16:08:06","date_gmt":"2026-04-14T15:08:06","guid":{"rendered":"https:\/\/man-eberswalde.de\/neu\/?page_id=185"},"modified":"2026-04-23T14:00:35","modified_gmt":"2026-04-23T13:00:35","slug":"bfs-rent-a-man","status":"publish","type":"page","link":"https:\/\/man-eberswalde.de\/index.php\/bfs-rent-a-man\/","title":{"rendered":"BFS &#8211; Rent a MAN"},"content":{"rendered":"\n<h3 class=\"wp-block-heading has-poppins-font-family\">Schnelligkeit und Qualit\u00e4t sind in Ihrer Branche unerl\u00e4sslich!<\/h3>\n\n\n\n<p class=\"has-poppins-font-family\">Als\u00a0Spezialfahrzeugvermieter\u00a0bieten wir Ihnen einen\u00a0kompetenten LKW-Service\u00a0als Fundament f\u00fcr Ihren Erfolg!<\/p>\n\n\n\n<p class=\"has-poppins-font-family\">Seit 2018 sind wir\u00a0<strong><a href=\"http:\/\/www.bfs.tv\" target=\"_blank\" rel=\"noreferrer noopener\">BFS-Kooperationspartner<\/a>.\u00a0<\/strong>Noch ist unser eigener Mietfuhrpark recht klein. Wir k\u00f6nnen jedoch auf den gesamten Bestand der BFS-Mietflotte zugreifen und ein f\u00fcr Ihre Zwecke passendes Fahrzeug finden.<\/p>\n\n\n\n<h3 class=\"wp-block-heading has-poppins-font-family\">Es gibt viele gute Gr\u00fcnde, die f\u00fcr das Mieten sprechen:<\/h3>\n\n\n\n<p class=\"has-poppins-font-family\"><strong>&#8211; Individuelle Laufzeitvereinbarung<\/strong><\/p>\n\n\n\n<p class=\"has-poppins-font-family\">Sie k\u00f6nnen bedarfsgerecht \u2013 und damit kosteng\u00fcnstig \u2013 auf geeignete Fahrzeuge zur\u00fcckgreifen. Laufzeiten von 1 Tag bis hin zur Langzeitmiete werden individuell auf Sie abgestimmt.<\/p>\n\n\n\n<p class=\"has-poppins-font-family\"><strong>&#8211; Verbesserung der eigenen Liquidit\u00e4t<\/strong><\/p>\n\n\n\n<p class=\"has-poppins-font-family\">Sie erhalten Ihre Liquidit\u00e4t wenn Sie Mieten statt Kaufen, ohne Aufwendungen f\u00fcr den eigenen Fuhrpark sowie das Fuhrparkmanagement. Nebenbei profitieren Sie von immer aktuellen Fahrzeugen.<\/p>\n\n\n\n<p class=\"has-poppins-font-family\"><strong>&#8211; Kalkulierbare Fixkosten durch unser Full-Service-Angebot<\/strong><\/p>\n\n\n\n<p class=\"has-poppins-font-family\">Unser Full-Service-Angebot erm\u00f6glicht Ihnen kalkulierbare Fixkosten. In unseren Preisen sind folgende Kosten abgedeckt und k\u00f6nnen ggflls. individuell an Ihre Bed\u00fcrfnisse angepasst werden:<\/p>\n\n\n\n<ul class=\"wp-block-list\">\n<li class=\"has-poppins-font-family\">Kfz-Haftpflicht \/ Vollkaskoversicherung<\/li>\n\n\n\n<li class=\"has-poppins-font-family\">Kfz-Steuer mit \/ ohne Anh\u00e4ngerzuschlag<\/li>\n\n\n\n<li class=\"has-poppins-font-family\">Kundendienst, Wartung, gesetzliche Pr\u00fcfarbeiten<\/li>\n\n\n\n<li class=\"has-poppins-font-family\">normaler Reifenverschlei\u00df<\/li>\n<\/ul>\n\n\n\n<p class=\"has-poppins-font-family\"><strong>&#8211; Modernste Technik f\u00fcr hohe Zuverl\u00e4ssigkeit<\/strong><\/p>\n\n\n\n<p class=\"has-poppins-font-family\">Mit unserem Angebot an aktuellsten Fahrzeugen, die dem modernsten Stand der Technik entsprechen, sorgen wir f\u00fcr sehr hohe Zuverl\u00e4ssigkeit, Qualit\u00e4t und Wirtschaftlichkeit. Au\u00dferdem sichern wir Ihnen dadurch einen hohen Grad an Sicherheit sowie optimierten Fahrkomfort.<\/p>\n\n\n\n<p class=\"has-poppins-font-family\">Weiterf\u00fchrende Informationen zu BFS \u2013 Die Truckvermieter finden Sie unter <a href=\"http:\/\/www.bfs.tv\/\" target=\"_blank\" rel=\"noreferrer noopener\">www.bfs.tv<\/a> .<\/p>\n\n\n\n<p class=\"has-poppins-font-family\">Gerne unterbreiten wir Ihnen Ihr pers\u00f6nliches, auf Ihre Bed\u00fcrfnisse angepasstes Mietangebot. Wir freuen uns von Ihnen zu h\u00f6ren!<\/p>\n\n\n\n<h3 class=\"wp-block-heading has-poppins-font-family\">Ihre Ansprechpartner in unserem Haus<\/h3>\n\n\n\n<p class=\"has-poppins-font-family\">Herr Petrik<\/p>\n\n\n\n<p class=\"has-poppins-font-family\">Tel. +49 (0) 3334 \/ 38 993 31<\/p>\n","protected":false},"excerpt":{"rendered":"<p>Schnelligkeit und Qualit\u00e4t sind in Ihrer Branche unerl\u00e4sslich! Als\u00a0Spezialfahrzeugvermieter\u00a0bieten wir Ihnen einen\u00a0kompetenten LKW-Service\u00a0als Fundament f\u00fcr Ihren Erfolg! Seit 2018 sind wir\u00a0BFS-Kooperationspartner.\u00a0Noch ist unser eigener Mietfuhrpark recht klein. Wir k\u00f6nnen jedoch auf den gesamten Bestand der BFS-Mietflotte zugreifen und ein f\u00fcr Ihre Zwecke passendes Fahrzeug finden. Es gibt viele gute Gr\u00fcnde, die f\u00fcr das Mieten sprechen: [&hellip;]<\/p>\n","protected":false},"author":1,"featured_media":49,"parent":0,"menu_order":0,"comment_status":"closed","ping_status":"closed","template":"","meta":{"footnotes":""},"class_list":["post-185","page","type-page","status-publish","has-post-thumbnail","hentry"],"_links":{"self":[{"href":"https:\/\/man-eberswalde.de\/index.php\/wp-json\/wp\/v2\/pages\/185","targetHints":{"allow":["GET"]}}],"collection":[{"href":"https:\/\/man-eberswalde.de\/index.php\/wp-json\/wp\/v2\/pages"}],"about":[{"href":"https:\/\/man-eberswalde.de\/index.php\/wp-json\/wp\/v2\/types\/page"}],"author":[{"embeddable":true,"href":"https:\/\/man-eberswalde.de\/index.php\/wp-json\/wp\/v2\/users\/1"}],"replies":[{"embeddable":true,"href":"https:\/\/man-eberswalde.de\/index.php\/wp-json\/wp\/v2\/comments?post=185"}],"version-history":[{"count":8,"href":"https:\/\/man-eberswalde.de\/index.php\/wp-json\/wp\/v2\/pages\/185\/revisions"}],"predecessor-version":[{"id":332,"href":"https:\/\/man-eberswalde.de\/index.php\/wp-json\/wp\/v2\/pages\/185\/revisions\/332"}],"wp:featuredmedia":[{"embeddable":true,"href":"https:\/\/man-eberswalde.de\/index.php\/wp-json\/wp\/v2\/media\/49"}],"wp:attachment":[{"href":"https:\/\/man-eberswalde.de\/index.php\/wp-json\/wp\/v2\/media?parent=185"}],"curies":[{"name":"wp","href":"https:\/\/api.w.org\/{rel}","templated":true}]}}