{"id":162,"date":"2026-04-14T15:23:15","date_gmt":"2026-04-14T14:23:15","guid":{"rendered":"https:\/\/man-eberswalde.de\/neu\/?page_id=162"},"modified":"2026-04-23T15:55:50","modified_gmt":"2026-04-23T14:55:50","slug":"162-2","status":"publish","type":"page","link":"https:\/\/man-eberswalde.de\/index.php\/162-2\/","title":{"rendered":"Mobile24"},"content":{"rendered":"\n<p class=\"has-poppins-font-family\" style=\"font-size:clamp(14.642px, 0.915rem + ((1vw - 3.2px) * 0.751), 22px);font-style:normal;font-weight:700\">MAN Mobile24 &#8211; Pannenfallhilfe f\u00fcr Lkw, Transporter, Busse und Elektro-Fahrzeuge<\/p>\n\n\n\n<p class=\"has-poppins-font-family\">Als Fuhrpark- oder Reiseunternehmer wissen Sie: Wer nicht rechtzeitig ankommt, ist so gut wie geliefert. Gut, wenn man schnell und zuverl\u00e4ssig Hilfe erh\u00e4lt. Darauf k\u00f6nnen Sie sich verlassen. Unser Team koordiniert s\u00e4mtliche Ma\u00dfnahmen vom Vor-Ort-Service \u00fcber Abschleppdienst bis hin zu Werkstattbuchung und Reparaturdurchf\u00fchrung. Wir sorgen daf\u00fcr, dass Sie an Ihr Ziel kommen.<\/p>\n\n\n\n<div class=\"wp-block-columns is-layout-flex wp-container-core-columns-is-layout-28f84493 wp-block-columns-is-layout-flex\">\n<div class=\"wp-block-column is-layout-flow wp-block-column-is-layout-flow\"><\/div>\n\n\n\n<div class=\"wp-block-column is-layout-flow wp-block-column-is-layout-flow\">\n<h4 class=\"wp-block-heading has-text-align-left has-secondary-color has-text-color has-link-color has-poppins-font-family wp-elements-30b8e4277d9863fe80ab0d2559be8c8c\"><strong>00800\u00a0Mo bi le 24<\/strong><\/h4>\n<\/div>\n\n\n\n<div class=\"wp-block-column is-layout-flow wp-block-column-is-layout-flow\"><\/div>\n<\/div>\n\n\n\n<div class=\"wp-block-columns is-layout-flex wp-container-core-columns-is-layout-28f84493 wp-block-columns-is-layout-flex\">\n<div class=\"wp-block-column is-layout-flow wp-block-column-is-layout-flow\"><\/div>\n\n\n\n<div class=\"wp-block-column is-layout-flow wp-block-column-is-layout-flow\">\n<h4 class=\"wp-block-heading has-text-align-left has-secondary-color has-text-color has-link-color has-poppins-font-family wp-elements-c42e2a472168ed4628633381f65c96d7\"><strong>00800 66 24 53 24*<\/strong><\/h4>\n<\/div>\n\n\n\n<div class=\"wp-block-column is-layout-flow wp-block-column-is-layout-flow\"><\/div>\n<\/div>\n\n\n\n<p class=\"has-text-align-center\">(* Festnetz kostenlos \/ Mobilfunkgeb\u00fchren k\u00f6nnen je nach Anbieter abweichen.)<\/p>\n\n\n\n<div class=\"wp-block-columns are-vertically-aligned-center is-layout-flex wp-container-core-columns-is-layout-28f84493 wp-block-columns-is-layout-flex\">\n<div class=\"wp-block-column is-vertically-aligned-center is-layout-flow wp-block-column-is-layout-flow\" style=\"flex-basis:100%\">\n<p class=\"has-text-align-center has-base-color has-primary-background-color has-text-color has-background has-link-color has-poppins-font-family wp-elements-13e21e82cee45fb1e23ddb0b46d405ee\"><a href=\"https:\/\/settlement.man.eu\/settlement\/public\/client\/index.html?lang=de&amp;filterByCountry=DE\" target=\"_blank\" rel=\"noreferrer noopener\">Jetzt einen MAN Servicest\u00fctzpunkt in Ihrer N\u00e4he finden<\/a><\/p>\n<\/div>\n<\/div>\n","protected":false},"excerpt":{"rendered":"<p>MAN Mobile24 &#8211; Pannenfallhilfe f\u00fcr Lkw, Transporter, Busse und Elektro-Fahrzeuge Als Fuhrpark- oder Reiseunternehmer wissen Sie: Wer nicht rechtzeitig ankommt, ist so gut wie geliefert. Gut, wenn man schnell und zuverl\u00e4ssig Hilfe erh\u00e4lt. Darauf k\u00f6nnen Sie sich verlassen. Unser Team koordiniert s\u00e4mtliche Ma\u00dfnahmen vom Vor-Ort-Service \u00fcber Abschleppdienst bis hin zu Werkstattbuchung und Reparaturdurchf\u00fchrung. Wir sorgen [&hellip;]<\/p>\n","protected":false},"author":1,"featured_media":348,"parent":0,"menu_order":0,"comment_status":"closed","ping_status":"closed","template":"","meta":{"footnotes":""},"class_list":["post-162","page","type-page","status-publish","has-post-thumbnail","hentry"],"_links":{"self":[{"href":"https:\/\/man-eberswalde.de\/index.php\/wp-json\/wp\/v2\/pages\/162","targetHints":{"allow":["GET"]}}],"collection":[{"href":"https:\/\/man-eberswalde.de\/index.php\/wp-json\/wp\/v2\/pages"}],"about":[{"href":"https:\/\/man-eberswalde.de\/index.php\/wp-json\/wp\/v2\/types\/page"}],"author":[{"embeddable":true,"href":"https:\/\/man-eberswalde.de\/index.php\/wp-json\/wp\/v2\/users\/1"}],"replies":[{"embeddable":true,"href":"https:\/\/man-eberswalde.de\/index.php\/wp-json\/wp\/v2\/comments?post=162"}],"version-history":[{"count":17,"href":"https:\/\/man-eberswalde.de\/index.php\/wp-json\/wp\/v2\/pages\/162\/revisions"}],"predecessor-version":[{"id":364,"href":"https:\/\/man-eberswalde.de\/index.php\/wp-json\/wp\/v2\/pages\/162\/revisions\/364"}],"wp:featuredmedia":[{"embeddable":true,"href":"https:\/\/man-eberswalde.de\/index.php\/wp-json\/wp\/v2\/media\/348"}],"wp:attachment":[{"href":"https:\/\/man-eberswalde.de\/index.php\/wp-json\/wp\/v2\/media?parent=162"}],"curies":[{"name":"wp","href":"https:\/\/api.w.org\/{rel}","templated":true}]}}