{"id":113,"date":"2026-04-14T13:27:35","date_gmt":"2026-04-14T12:27:35","guid":{"rendered":"https:\/\/man-eberswalde.de\/neu\/?page_id=113"},"modified":"2026-04-14T13:27:35","modified_gmt":"2026-04-14T12:27:35","slug":"impressum","status":"publish","type":"page","link":"https:\/\/man-eberswalde.de\/index.php\/impressum\/","title":{"rendered":"Impressum"},"content":{"rendered":"\n<p>ENS Eberswalder Nutzfahrzeug Service GmbH &amp; Co. KG<br>Neue Stra\u00dfe 100<br>16225 Eberswalde<\/p>\n\n\n\n<p>Telefon: 0 33 34 \/ 38 99 3 \u2013 0 Telefax: 0 33 34 \/ 38 99 3 \u2013 40<br>E-Mail: info(at)man-eberswalde.de Internet: www.man-eberswalde.de<\/p>\n\n\n\n<p><strong>Rechtliche Informationen<\/strong><br>Gesch\u00e4ftsf\u00fchrer: Immo Petrik, Sascha Petrik Rechtsform:GmbH &amp; Co. KG Kammer:HWK Frankfurt (Oder)<br>Registerort: Amtsgericht Frankfurt\/Oder Registernummer: HRA 3664 FF Umsatzsteuer-ID: DE 318806855<\/p>\n\n\n\n<p><strong>Hinweis<\/strong><br>Die Informationen auf dieser Website werden st\u00e4ndig gepr\u00fcft und aktualisiert. Weder der Provider noch die der Herausgeber \u00fcbernehmen die Haftung f\u00fcr die Inhalte oder die Garantie f\u00fcr Aktualit\u00e4t, Richtigkeit und Vollst\u00e4ndigkeit derjenigen Websites, auf die mittels Hyperlink verwiesen wird.<\/p>\n\n\n\n<p>Inhalt und Struktur dieser Website sind urheberrechtlich gesch\u00fctzt. Die Vervielf\u00e4ltigung von Informationen oder Daten, insbesondere die Verwendung von Texten, Textteilen oder Bildmaterial bedarf, sofern nicht ausdr\u00fccklich anders gekennzeichnet, der vorherigen Zustimmung des Herausgebers.<\/p>\n\n\n\n<p>Online-Streitbeilegung gem\u00e4\u00df Art. 14 Abs. 1 ODR-VO: Die Europ\u00e4ische Kommission stellt eine Plattform zur Online-Streitbeilegung (OS) bereit, die Sie unter http:\/\/ec.europa.eu\/consumers\/odr\/ finden. Dar\u00fcber hinaus nimmt unser Betrieb an einem Verbraucherstreitigkeitsverfahren nicht teil.<\/p>\n","protected":false},"excerpt":{"rendered":"<p>ENS Eberswalder Nutzfahrzeug Service GmbH &amp; Co. KGNeue Stra\u00dfe 10016225 Eberswalde Telefon: 0 33 34 \/ 38 99 3 \u2013 0 Telefax: 0 33 34 \/ 38 99 3 \u2013 40E-Mail: info(at)man-eberswalde.de Internet: www.man-eberswalde.de Rechtliche InformationenGesch\u00e4ftsf\u00fchrer: Immo Petrik, Sascha Petrik Rechtsform:GmbH &amp; Co. KG Kammer:HWK Frankfurt (Oder)Registerort: Amtsgericht Frankfurt\/Oder Registernummer: HRA 3664 FF Umsatzsteuer-ID: DE [&hellip;]<\/p>\n","protected":false},"author":1,"featured_media":0,"parent":0,"menu_order":0,"comment_status":"closed","ping_status":"closed","template":"","meta":{"footnotes":""},"class_list":["post-113","page","type-page","status-publish","hentry"],"_links":{"self":[{"href":"https:\/\/man-eberswalde.de\/index.php\/wp-json\/wp\/v2\/pages\/113","targetHints":{"allow":["GET"]}}],"collection":[{"href":"https:\/\/man-eberswalde.de\/index.php\/wp-json\/wp\/v2\/pages"}],"about":[{"href":"https:\/\/man-eberswalde.de\/index.php\/wp-json\/wp\/v2\/types\/page"}],"author":[{"embeddable":true,"href":"https:\/\/man-eberswalde.de\/index.php\/wp-json\/wp\/v2\/users\/1"}],"replies":[{"embeddable":true,"href":"https:\/\/man-eberswalde.de\/index.php\/wp-json\/wp\/v2\/comments?post=113"}],"version-history":[{"count":1,"href":"https:\/\/man-eberswalde.de\/index.php\/wp-json\/wp\/v2\/pages\/113\/revisions"}],"predecessor-version":[{"id":114,"href":"https:\/\/man-eberswalde.de\/index.php\/wp-json\/wp\/v2\/pages\/113\/revisions\/114"}],"wp:attachment":[{"href":"https:\/\/man-eberswalde.de\/index.php\/wp-json\/wp\/v2\/media?parent=113"}],"curies":[{"name":"wp","href":"https:\/\/api.w.org\/{rel}","templated":true}]}}